{"id":11106,"date":"2025-07-22T04:23:27","date_gmt":"2025-07-22T02:23:27","guid":{"rendered":"https:\/\/avantgarde-security.com\/iletisim\/"},"modified":"2026-03-16T20:23:53","modified_gmt":"2026-03-16T19:23:53","slug":"iletisim","status":"publish","type":"page","link":"https:\/\/avantgarde-security.com\/tr\/iletisim\/","title":{"rendered":"\u0130leti\u015fim"},"content":{"rendered":"\t\t<div data-elementor-type=\"wp-page\" data-elementor-id=\"11106\" class=\"elementor elementor-11106\" data-elementor-post-type=\"page\">\n\t\t\t\t<div class=\"elementor-element elementor-element-e842371 e-con-full elementor-hidden-widescreen elementor-hidden-desktop elementor-hidden-laptop elementor-hidden-tablet_extra elementor-hidden-tablet elementor-hidden-mobile_extra elementor-hidden-mobile e-flex pxl-section-overflow-visible pxl-column-none pxl-section-fix-none pxl-bg-color-none e-con e-parent \" data-id=\"e842371\" data-element_type=\"container\" data-e-type=\"container\"><div class=\"elementor-element elementor-element-5df3ddd e-flex e-con-boxed pxl-section-overflow-visible pxl-column-none pxl-section-fix-none pxl-bg-color-none e-con e-child \" data-id=\"5df3ddd\" data-element_type=\"container\" data-e-type=\"container\" data-settings=\"{&quot;background_background&quot;:&quot;classic&quot;}\">\t\t\t<div class=\"e-con-inner\">\r\n\t\t\t\t<div class=\"elementor-element elementor-element-8c4fc47 elementor-widget elementor-widget-pxl_heading\" data-id=\"8c4fc47\" data-element_type=\"widget\" data-e-type=\"widget\" data-widget_type=\"pxl_heading.default\">\n\t\t\t\t<div class=\"elementor-widget-container\">\n\t\t\t\t\t\n<div id=\"pxl-pxl_heading-8c4fc47-6429\" class=\"pxl-heading \">\n\t<div class=\"pxl-heading--inner\">\n\t\t\n\t\t<h2 class=\"pxl-item--title  style-default highlight-default \" data-wow-delay=\"ms\">\n\n\t\t<span class=\"pxl-heading--text \">\n\n\t\t\t\t\t\t\t\u0130leti\u015fim\t\n\t\t\t\t\n\n\t\t<\/span>\n\t\t<\/h2>\n\t\t\n\t<\/div>\n<\/div>\t\t\t\t<\/div>\n\t\t\t\t<\/div>\n\t\t\t\t<div class=\"elementor-element elementor-element-ccbe7a3 elementor-widget elementor-widget-pxl_text_editor\" data-id=\"ccbe7a3\" data-element_type=\"widget\" data-e-type=\"widget\" data-widget_type=\"pxl_text_editor.default\">\n\t\t\t\t<div class=\"elementor-widget-container\">\n\t\t\t\t\t<div class=\"pxl-text-editor d-flex   \">\n\t<div class=\"pxl-item--inner  \" data-wow-delay=\"ms\">\n\t\t<p>Web sitelerinden ambalajlara kadar, hem estetik hem de i\u015flevsel deneyimler tasarl\u0131yoruz.<\/p>\n\t\t\n\t<\/div>\n<\/div>\t\t\t\t<\/div>\n\t\t\t\t<\/div>\n\t\t\t\t\t<\/div>\r\n\t\t\t\t<\/div>\r\n\t\t\t\t<\/div>\r\n\t\t<div class=\"elementor-element elementor-element-f23da34 e-flex e-con-boxed pxl-section-overflow-visible pxl-column-none pxl-section-fix-none pxl-bg-color-none e-con e-parent \" data-id=\"f23da34\" data-element_type=\"container\" data-e-type=\"container\" data-settings=\"{&quot;background_background&quot;:&quot;classic&quot;}\">\t\t\t<div class=\"e-con-inner\">\r\n\t\t<div class=\"elementor-element elementor-element-718eafa e-con-full e-flex pxl-section-overflow-visible pxl-column-none pxl-section-fix-none pxl-bg-color-none e-con e-child \" data-id=\"718eafa\" data-element_type=\"container\" data-e-type=\"container\">\t\t<div class=\"elementor-element elementor-element-fb0de24 elementor-widget elementor-widget-pxl_heading\" data-id=\"fb0de24\" data-element_type=\"widget\" data-e-type=\"widget\" data-widget_type=\"pxl_heading.default\">\n\t\t\t\t<div class=\"elementor-widget-container\">\n\t\t\t\t\t\n<div id=\"pxl-pxl_heading-fb0de24-6310\" class=\"pxl-heading \">\n\t<div class=\"pxl-heading--inner\">\n\t\t\t\t\t<div class=\"pxl-item--subtitle \" data-wow-delay=\"ms\">\n\t\t\t\t<span class=\"pxl-item--subtext \">\n\t\t\t\t\tileti\u015fime ge\u00e7in\t\t\t\t<\/span>\n\t\t\t<\/div>\n\t\t\n\t\t<h2 class=\"pxl-item--title  style-default highlight-default pxl-split-text split-in-fade\" data-wow-delay=\"300ms\">\n\n\t\t<span class=\"pxl-heading--text \">\n\n\t\t\t\t\t\t\tProjenizi bize anlat\u0131n \u2014 e\u011fitim, dan\u0131\u015fmanl\u0131k veya operasyonel destek\t\n\t\t\t\t\n\n\t\t<\/span>\n\t\t<\/h2>\n\t\t\n\t<\/div>\n<\/div>\t\t\t\t<\/div>\n\t\t\t\t<\/div>\n\t\t\t\t<div class=\"elementor-element elementor-element-c0e60c6 elementor-widget__width-initial elementor-widget elementor-widget-pxl_heading\" data-id=\"c0e60c6\" data-element_type=\"widget\" data-e-type=\"widget\" data-widget_type=\"pxl_heading.default\">\n\t\t\t\t<div class=\"elementor-widget-container\">\n\t\t\t\t\t\n<div id=\"pxl-pxl_heading-c0e60c6-5857\" class=\"pxl-heading \">\n\t<div class=\"pxl-heading--inner\">\n\t\t\n\t\t<h2 class=\"pxl-item--title  style-default highlight-default \" data-wow-delay=\"ms\">\n\n\t\t<span class=\"pxl-heading--text \">\n\n\t\t\t\t\t\t\tG\u00fcvenli\u011fin, haz\u0131rl\u0131\u011f\u0131n ve profesyonel standartlar\u0131n kritik oldu\u011fu ortamlarda faaliyet g\u00f6steren kurulu\u015flar ve ortaklarla se\u00e7ici bir \u015fekilde \u00e7al\u0131\u015f\u0131yoruz.\nHizmetlerimiz kurumsal, devlet ve kurumsal m\u00fc\u015fteriler i\u00e7in \u00f6zel e\u011fitim programlar\u0131, operasyonel dan\u0131\u015fmanl\u0131k ve ki\u015fiye \u00f6zel g\u00fcvenlik dan\u0131\u015fmanl\u0131\u011f\u0131n\u0131 i\u00e7ermektedir.\n<br><br>T\u00fcm \u00e7al\u0131\u015fmalar kat\u0131 yasal, etik ve profesyonel \u00e7er\u00e7eveler i\u00e7inde y\u00fcr\u00fct\u00fclmektedir.\nBu ilkelerin d\u0131\u015f\u0131na \u00e7\u0131kan g\u00f6revler kabul edilmemektedir.\nGizlilik, hesap verebilirlik ve operasyonel b\u00fct\u00fcnl\u00fck, \u00fcstlendi\u011fimiz her projenin temelini olu\u015fturmaktad\u0131r.\t\n\t\t\t\t\n\n\t\t<\/span>\n\t\t<\/h2>\n\t\t\n\t<\/div>\n<\/div>\t\t\t\t<\/div>\n\t\t\t\t<\/div>\n\t\t\t\t<\/div>\r\n\t\t<div class=\"elementor-element elementor-element-387eac4 e-con-full e-flex pxl-section-overflow-visible pxl-column-none pxl-section-fix-none pxl-bg-color-none e-con e-child \" data-id=\"387eac4\" data-element_type=\"container\" data-e-type=\"container\"><div class=\"elementor-element elementor-element-116c3ee e-con-full e-flex pxl-section-overflow-visible pxl-column-none pxl-section-fix-none pxl-bg-color-none e-con e-child \" data-id=\"116c3ee\" data-element_type=\"container\" data-e-type=\"container\" data-settings=\"{&quot;background_background&quot;:&quot;classic&quot;}\">\t\t<div class=\"elementor-element elementor-element-d9cd70d elementor-widget elementor-widget-pxl_heading\" data-id=\"d9cd70d\" data-element_type=\"widget\" data-e-type=\"widget\" data-widget_type=\"pxl_heading.default\">\n\t\t\t\t<div class=\"elementor-widget-container\">\n\t\t\t\t\t\n<div id=\"pxl-pxl_heading-d9cd70d-5173\" class=\"pxl-heading \">\n\t<div class=\"pxl-heading--inner\">\n\t\t\n\t\t<h2 class=\"pxl-item--title  style-default highlight-default \" data-wow-delay=\"ms\">\n\n\t\t<span class=\"pxl-heading--text \">\n\n\t\t\t\t\t\t\tL\u00fctfen a\u015fa\u011f\u0131daki formu kullanarak ileti\u015fim bilgilerinizi ve talebinizin k\u0131sa bir \u00f6zetini belirtiniz\t\n\t\t\t\t\n\n\t\t<\/span>\n\t\t<\/h2>\n\t\t\n\t<\/div>\n<\/div>\t\t\t\t<\/div>\n\t\t\t\t<\/div>\n\t\t\t\t<div class=\"elementor-element elementor-element-230f430 elementor-widget elementor-widget-pxl_contact_form\" data-id=\"230f430\" data-element_type=\"widget\" data-e-type=\"widget\" data-widget_type=\"pxl_contact_form.default\">\n\t\t\t\t<div class=\"elementor-widget-container\">\n\t\t\t\t\t    <div class=\"pxl-contact-form pxl-contact-form1 btn-w-auto scrolling-effect zoomIn\" data-wow-delay=\"ms\">\r\n        \n<div class=\"wpcf7 no-js\" id=\"wpcf7-f6-o1\" lang=\"en-US\" dir=\"ltr\" data-wpcf7-id=\"6\">\n<div class=\"screen-reader-response\"><p role=\"status\" aria-live=\"polite\" aria-atomic=\"true\"><\/p> <ul><\/ul><\/div>\n<form action=\"\/tr\/wp-json\/wp\/v2\/pages\/11106#wpcf7-f6-o1\" method=\"post\" class=\"wpcf7-form init\" aria-label=\"Contact form\" novalidate=\"novalidate\" data-status=\"init\">\n<fieldset class=\"hidden-fields-container\"><input type=\"hidden\" name=\"_wpcf7\" value=\"6\" \/><input type=\"hidden\" name=\"_wpcf7_version\" value=\"6.1.5\" \/><input type=\"hidden\" name=\"_wpcf7_locale\" value=\"en_US\" \/><input type=\"hidden\" name=\"_wpcf7_unit_tag\" value=\"wpcf7-f6-o1\" \/><input type=\"hidden\" name=\"_wpcf7_container_post\" value=\"0\" \/><input type=\"hidden\" name=\"_wpcf7_posted_data_hash\" value=\"\" \/>\n<\/fieldset>\n<div class=\"contact--form contact-form1 row\">\n <!-- NAME -->\n\t<div class=\"pxl-col col-xl-6 col-lg-6 col-md-6 col-sm-6 col-xs-12\">\n\t\t<p><span class=\"wpcf7-form-control-wrap\" data-name=\"your-name\"><input size=\"40\" maxlength=\"400\" class=\"wpcf7-form-control wpcf7-text wpcf7-validates-as-required\" aria-required=\"true\" aria-invalid=\"false\" placeholder=\"First Name\" value=\"\" type=\"text\" name=\"your-name\" \/><\/span>\n\t\t<\/p>\n\t<\/div>\n <!-- SURNAME -->\n\t<div class=\"pxl-col col-xl-6 col-lg-6 col-md-6 col-sm-6 col-xs-12\">\n\t\t<p><span class=\"wpcf7-form-control-wrap\" data-name=\"your-surname\"><input size=\"40\" maxlength=\"400\" class=\"wpcf7-form-control wpcf7-text wpcf7-validates-as-required\" aria-required=\"true\" aria-invalid=\"false\" placeholder=\"Surname\" value=\"\" type=\"text\" name=\"your-surname\" \/><\/span>\n\t\t<\/p>\n\t<\/div>\n <!-- E-MAIL -->\n\t<div class=\"pxl-col col-xl-6 col-lg-6 col-md-6 col-sm-6 col-xs-12\">\n\t\t<p><span class=\"wpcf7-form-control-wrap\" data-name=\"your-email\"><input size=\"40\" maxlength=\"400\" class=\"wpcf7-form-control wpcf7-email wpcf7-validates-as-required wpcf7-text wpcf7-validates-as-email\" autocomplete=\"email\" aria-required=\"true\" aria-invalid=\"false\" placeholder=\"E-Mail\" value=\"\" type=\"email\" name=\"your-email\" \/><\/span>\n\t\t<\/p>\n\t<\/div>\n <!-- PHONE -->\n\t<div class=\"pxl-col col-xl-6 col-lg-6 col-md-6 col-sm-6 col-xs-12\">\n\t\t<p><span class=\"wpcf7-form-control-wrap\" data-name=\"your-phone\"><input size=\"40\" maxlength=\"400\" class=\"wpcf7-form-control wpcf7-tel wpcf7-validates-as-required wpcf7-text wpcf7-validates-as-tel\" aria-required=\"true\" aria-invalid=\"false\" placeholder=\"Phone Number\" value=\"\" type=\"tel\" name=\"your-phone\" \/><\/span>\n\t\t<\/p>\n\t<\/div>\n <!-- CLIENT TYPE -->\n\t<div class=\"pxl-col col-xl-6 col-lg-6 col-md-6 col-sm-6 col-xs-12\">\n\t\t<h3 class=\"pxl-ctf-title\">Client Type\n\t\t<\/h3>\n\t\t<p><span class=\"wpcf7-form-control-wrap\" data-name=\"client-type\"><select class=\"wpcf7-form-control wpcf7-select wpcf7-validates-as-required\" aria-required=\"true\" aria-invalid=\"false\" name=\"client-type\"><option value=\"\">Select Client Type<\/option><option value=\"Government Authority \/ Public Institution\">Government Authority \/ Public Institution<\/option><option value=\"Corporate \/ Company\">Corporate \/ Company<\/option><option value=\"Organization \/ NGO\">Organization \/ NGO<\/option><option value=\"Security Provider\">Security Provider<\/option><option value=\"Private Individual\">Private Individual<\/option><\/select><\/span>\n\t\t<\/p>\n\t<\/div>\n <!-- OPERATIONAL REGION -->\n\t<div class=\"pxl-col col-xl-6 col-lg-6 col-md-6 col-sm-6 col-xs-12\">\n\t\t<h3 class=\"pxl-ctf-title\">Operational Region\n\t\t<\/h3>\n\t\t<p><span class=\"wpcf7-form-control-wrap\" data-name=\"operational-region\"><input size=\"40\" maxlength=\"400\" class=\"wpcf7-form-control wpcf7-text\" aria-invalid=\"false\" placeholder=\"Please specify your operational region\" value=\"\" type=\"text\" name=\"operational-region\" \/><\/span>\n\t\t<\/p>\n\t<\/div>\n <!-- SERVICES -->\n\t<div class=\"pxl-col col-xl-12\">\n\t\t<h3 class=\"pxl-ctf-title\">Services\n\t\t<\/h3>\n\t\t<p><span class=\"wpcf7-form-control-wrap\" data-name=\"your-service\"><select class=\"wpcf7-form-control wpcf7-select\" aria-invalid=\"false\" name=\"your-service\"><option value=\"\">Select a Service<\/option><option value=\"Protective Operations\">Protective Operations<\/option><option value=\"High-Risk &amp; Special Environments\">High-Risk &amp; Special Environments<\/option><option value=\"Training &amp; Advisory\">Training &amp; Advisory<\/option><option value=\"Tactical Expertise\">Tactical Expertise<\/option><option value=\"Law Enforcement Training\">Law Enforcement Training<\/option><option value=\"Other\">Other<\/option><\/select><\/span>\n\t\t<\/p>\n\t<\/div>\n <!-- CHOOSE YOUR TRAINING -->\n\t<div class=\"pxl-col col-xl-12\">\n\t\t<h3 class=\"pxl-ctf-title\">Choose Your Training\n\t\t<\/h3>\n\t\t<p><span class=\"wpcf7-form-control-wrap\" data-name=\"your-training\"><select class=\"wpcf7-form-control wpcf7-select\" aria-invalid=\"false\" name=\"your-training\"><option value=\"\">Choose Your Training<\/option><option value=\"Close Protection &amp; Tactical Training\">Close Protection &amp; Tactical Training<\/option><option value=\"High-Risk &amp; Hostile Environment Training\">High-Risk &amp; Hostile Environment Training<\/option><option value=\"Kidnapping &amp; Terror Threat Mitigation\">Kidnapping &amp; Terror Threat Mitigation<\/option><option value=\"Crisis &amp; Conflict Zone Safety Training\">Crisis &amp; Conflict Zone Safety Training<\/option><option value=\"Convoy, Evacuation &amp; Exfiltration\">Convoy, Evacuation &amp; Exfiltration<\/option><option value=\"Urban Tactical \/ CQB Training\">Urban Tactical \/ CQB Training<\/option><option value=\"Critical Infrastructure &amp; Special Operations\">Critical Infrastructure &amp; Special Operations<\/option><option value=\"Instructor Development &amp; Advanced Skills\">Instructor Development &amp; Advanced Skills<\/option><option value=\"Scenario- &amp; Stress-Based Training\">Scenario- &amp; Stress-Based Training<\/option><option value=\"Arrest, Officer Safety &amp; Team Tactics\">Arrest, Officer Safety &amp; Team Tactics<\/option><option value=\"Law Enforcement Tactical Training\">Law Enforcement Tactical Training<\/option><option value=\"Legally Compliant Use-of-Force Training\">Legally Compliant Use-of-Force Training<\/option><option value=\"Individual 1:1 Customized Programs\">Individual 1:1 Customized Programs<\/option><\/select><\/span>\n\t\t<\/p>\n\t<\/div>\n <!-- MESSAGE -->\n\t<div class=\"pxl-col col-xl-12\">\n\t\t<p><span class=\"wpcf7-form-control-wrap\" data-name=\"textarea-250\"><textarea cols=\"40\" rows=\"10\" maxlength=\"2000\" class=\"wpcf7-form-control wpcf7-textarea\" aria-invalid=\"false\" placeholder=\"Your message...\" name=\"textarea-250\"><\/textarea><\/span>\n\t\t<\/p>\n\t<\/div>\n <!-- PRIVACY CHECKBOX -->\n\t<div class=\"pxl-col col-xl-12\" style=\"margin-top: 12px;\">\n\t\t<p><span class=\"wpcf7-form-control-wrap\" data-name=\"acceptance-1\"><span class=\"wpcf7-form-control wpcf7-acceptance\"><span class=\"wpcf7-list-item\"><label><input type=\"checkbox\" name=\"acceptance-1\" value=\"1\" aria-invalid=\"false\" \/><span class=\"wpcf7-list-item-label\">I have read and agree to the <a href=\"https:\/\/avantgarde-security.de\/privacy-policy\/\" style=\"color: #0057b8;\">Privacy Policy<\/a><\/span><\/label><\/span><\/span><\/span>\n\t\t<\/p>\n\t<\/div>\n <!-- SUBMIT -->\n\t<div class=\"pxl-col col-xl-12\">\n\t\t<p><button type=\"submit\" class=\"btn wpcf7-submit wpcf7-btn-abs\"><br \/>\n<span class=\"pxl--btn-icon\"><br \/>\n<svg width=\"11\" height=\"11\" viewBox=\"0 0 11 11\" fill=\"none\" xmlns=\"http:\/\/www.w3.org\/2000\/svg\">\n                <path d=\"M10.2812 5.09375C10.3906 5.09375 10.5 5.20312 10.5 5.3125V6.1875C10.5 6.32422 10.3906 6.40625 10.2812 6.40625H5.90625V10.7812C5.90625 10.918 5.79688 11 5.6875 11H4.8125C4.67578 11 4.59375 10.918 4.59375 10.7812V6.40625H0.21875C0.0820312 6.40625 0 6.32422 0 6.1875V5.3125C0 5.20312 0.0820312 5.09375 0.21875 5.09375H4.59375V0.71875C4.59375 0.609375 4.67578 0.5 4.8125 0.5H5.6875C5.79688 0.5 5.90625 0.609375 5.90625 0.71875V5.09375H10.2812Z\" fill=\"white\"\/>\n             <\/svg><br \/>\n<\/span><br \/>\nSend<br \/>\n<\/button>\n\t\t<\/p>\n\t<\/div>\n <!-- COMPLIANCE STATEMENT -->\n\t<div class=\"pxl-col col-xl-12\" style=\"margin-top: 16px;\">\n\t\t<p style=\"font-size: 11px; color: #888; line-height: 1.5;\"><br \/>\nWe engage selectively and operate within strict legal, ethical, and professional frameworks. All requests are reviewed confidentially.\n\t\t<\/p>\n\t<\/div>\n<\/div><p style=\"display: none !important;\" class=\"akismet-fields-container\" data-prefix=\"_wpcf7_ak_\"><label>&#916;<textarea name=\"_wpcf7_ak_hp_textarea\" cols=\"45\" rows=\"8\" maxlength=\"100\"><\/textarea><\/label><input type=\"hidden\" id=\"ak_js_1\" name=\"_wpcf7_ak_js\" value=\"66\"\/><script>document.getElementById( \"ak_js_1\" ).setAttribute( \"value\", ( new Date() ).getTime() );<\/script><\/p><div class=\"wpcf7-response-output\" aria-hidden=\"true\"><\/div>\n<\/form>\n<\/div>\n    <\/div>\r\n\t\t\t\t<\/div>\n\t\t\t\t<\/div>\n\t\t\t\t<\/div>\r\n\t\t\t\t<\/div>\r\n\t\t\t\t\t<\/div>\r\n\t\t\t\t<\/div>\r\n\t\t\t\t<\/div>\n\t\t","protected":false},"excerpt":{"rendered":"<p>Web sitelerinden ambalajlara kadar, hem estetik hem de i\u015flevsel deneyimler tasarl\u0131yoruz. ileti\u015fime ge\u00e7in Projenizi bize anlat\u0131n \u2014 e\u011fitim, dan\u0131\u015fmanl\u0131k veya operasyonel destek G\u00fcvenli\u011fin, haz\u0131rl\u0131\u011f\u0131n ve profesyonel standartlar\u0131n kritik oldu\u011fu ortamlarda faaliyet g\u00f6steren kurulu\u015flar ve ortaklarla se\u00e7ici bir \u015fekilde \u00e7al\u0131\u015f\u0131yoruz. Hizmetlerimiz kurumsal, devlet ve kurumsal m\u00fc\u015fteriler i\u00e7in \u00f6zel e\u011fitim programlar\u0131, operasyonel dan\u0131\u015fmanl\u0131k ve ki\u015fiye \u00f6zel g\u00fcvenlik [&hellip;]<\/p>\n","protected":false},"author":1,"featured_media":0,"parent":0,"menu_order":0,"comment_status":"closed","ping_status":"closed","template":"","meta":{"_oct_exclude_from_cache":false,"footnotes":""},"class_list":["post-11106","page","type-page","status-publish","hentry"],"_links":{"self":[{"href":"https:\/\/avantgarde-security.com\/tr\/wp-json\/wp\/v2\/pages\/11106","targetHints":{"allow":["GET"]}}],"collection":[{"href":"https:\/\/avantgarde-security.com\/tr\/wp-json\/wp\/v2\/pages"}],"about":[{"href":"https:\/\/avantgarde-security.com\/tr\/wp-json\/wp\/v2\/types\/page"}],"author":[{"embeddable":true,"href":"https:\/\/avantgarde-security.com\/tr\/wp-json\/wp\/v2\/users\/1"}],"replies":[{"embeddable":true,"href":"https:\/\/avantgarde-security.com\/tr\/wp-json\/wp\/v2\/comments?post=11106"}],"version-history":[{"count":1,"href":"https:\/\/avantgarde-security.com\/tr\/wp-json\/wp\/v2\/pages\/11106\/revisions"}],"predecessor-version":[{"id":11108,"href":"https:\/\/avantgarde-security.com\/tr\/wp-json\/wp\/v2\/pages\/11106\/revisions\/11108"}],"wp:attachment":[{"href":"https:\/\/avantgarde-security.com\/tr\/wp-json\/wp\/v2\/media?parent=11106"}],"curies":[{"name":"wp","href":"https:\/\/api.w.org\/{rel}","templated":true}]}}