{"id":11104,"date":"2026-03-08T11:53:44","date_gmt":"2026-03-08T10:53:44","guid":{"rendered":"https:\/\/avantgarde-security.com\/yasal-uyari\/"},"modified":"2026-03-16T20:24:45","modified_gmt":"2026-03-16T19:24:45","slug":"yasal-uyari","status":"publish","type":"page","link":"https:\/\/avantgarde-security.com\/tr\/yasal-uyari\/","title":{"rendered":"Yasal Uyar\u0131"},"content":{"rendered":"\t\t<div data-elementor-type=\"wp-page\" data-elementor-id=\"11104\" class=\"elementor elementor-11104\" data-elementor-post-type=\"page\">\n\t\t\t\t<div class=\"elementor-element elementor-element-a918e0f e-flex e-con-boxed pxl-section-overflow-visible pxl-column-none pxl-section-fix-none pxl-bg-color-none e-con e-parent \" data-id=\"a918e0f\" data-element_type=\"container\" data-e-type=\"container\">\t\t\t<div class=\"e-con-inner\">\r\n\t\t\t\t<div class=\"elementor-element elementor-element-e146436 elementor-widget elementor-widget-heading\" data-id=\"e146436\" data-element_type=\"widget\" data-e-type=\"widget\" data-widget_type=\"heading.default\">\n\t\t\t\t\t<h2 class=\"elementor-heading-title elementor-size-default\">Yasal Uyar\u0131<\/h2>\t\t\t\t<\/div>\n\t\t\t\t<div class=\"elementor-element elementor-element-897369c elementor-widget elementor-widget-text-editor\" data-id=\"897369c\" data-element_type=\"widget\" data-e-type=\"widget\" data-widget_type=\"text-editor.default\">\n\t\t\t\t\t\t\t\t\t<div class=\"elementor-element elementor-element-37ae3b04 elementor-widget elementor-widget-heading\" data-id=\"37ae3b04\" data-element_type=\"widget\" data-widget_type=\"heading.default\">\n<p class=\"font-claude-response-body break-words whitespace-normal leading-[1.7]\"><strong>Bilgi<\/strong>&nbsp;<\/p>\n<p class=\"font-claude-response-body break-words whitespace-normal leading-[1.7]\">Avantgarde Security<\/p>\n<p class=\"font-claude-response-body break-words whitespace-normal leading-[1.7]\">Kar\u015f\u0131yaka Mah. Haymana Yolu \u00dczeri No: 5\/11<\/p>\n<p class=\"font-claude-response-body break-words whitespace-normal leading-[1.7]\">G\u00f6lba\u015f\u0131 \/ Ankara, T\u00fcrkiye<\/p>\n<p class=\"font-claude-response-body break-words whitespace-normal leading-[1.7]\">E-posta: <a class=\"underline underline underline-offset-2 decoration-1 decoration-current\/40 hover:decoration-current focus:decoration-current\" href=\"mailto:info@avantgarde-security.com\">info@avantgarde-security.com<\/a><\/p>\n<p class=\"font-claude-response-body break-words whitespace-normal leading-[1.7]\"><br><\/p>\n<p class=\"font-claude-response-body break-words whitespace-normal leading-[1.7]\"><strong>Telif Hakk\u0131<\/strong>&nbsp;<\/p><p class=\"font-claude-response-body break-words whitespace-normal leading-[1.7]\">Bu sayfalar\u0131n i\u00e7eri\u011fi ve eserleri Alman telif hakk\u0131 yasalar\u0131na tabidir. \u00d6nceden yaz\u0131l\u0131 izin al\u0131nmaks\u0131z\u0131n izinsiz \u00e7o\u011falt\u0131lmas\u0131 yasakt\u0131r.<\/p>\n<p class=\"font-claude-response-body break-words whitespace-normal leading-[1.7]\"><br><\/p>\n<p class=\"font-claude-response-body break-words whitespace-normal leading-[1.7]\"><strong>\u0130\u00e7erik Sorumlulu\u011fu<\/strong>&nbsp;<\/p><p class=\"font-claude-response-body break-words whitespace-normal leading-[1.7]\">Bu sayfalar\u0131n i\u00e7eri\u011fi eksiksiz oldu\u011fu iddias\u0131nda de\u011fildir. Bunlar yaln\u0131zca bilgilendirme ama\u00e7l\u0131d\u0131r ve do\u011fruluklar\u0131 konusunda hi\u00e7bir garanti verilmez. Hizmet sa\u011flay\u0131c\u0131 olarak, bu sayfalardaki kendi i\u00e7eri\u011fimizden \u00a7 7 paragraf\u0131na g\u00f6re sorumluyuz. 1 TMG. \u00a7\u00a7 8 ila 10 TMG uyar\u0131nca, iletilen veya depolanan \u00fc\u00e7\u00fcnc\u00fc taraf bilgilerini izlemek veya yasa d\u0131\u015f\u0131 faaliyeti g\u00f6steren durumlar\u0131 ara\u015ft\u0131rmakla y\u00fck\u00fcml\u00fc de\u011filiz. Genel hukuk kapsam\u0131ndaki bilgilerin kald\u0131r\u0131lmas\u0131 veya kullan\u0131m\u0131n\u0131n engellenmesi y\u00fck\u00fcml\u00fcl\u00fckleri bundan etkilenmez. Bu konudaki sorumluluk, belirli bir yasa ihlalinin \u00f6\u011frenildi\u011fi andan itibaren m\u00fcmk\u00fcnd\u00fcr.<\/p>\n<p class=\"font-claude-response-body break-words whitespace-normal leading-[1.7]\"><br><\/p>\n<p class=\"font-claude-response-body break-words whitespace-normal leading-[1.7]\"><strong>Ba\u011flant\u0131lar \u0130\u00e7in Sorumluluk<\/strong>&nbsp;<\/p><p class=\"font-claude-response-body break-words whitespace-normal leading-[1.7]\">Web sitemiz, i\u00e7eri\u011fi \u00fczerinde hi\u00e7bir etkimizin olmad\u0131\u011f\u0131 harici \u00fc\u00e7\u00fcnc\u00fc taraf web sitelerine ba\u011flant\u0131lar i\u00e7ermektedir. Bu nedenle, bu harici i\u00e7erik i\u00e7in herhangi bir sorumluluk kabul edemeyiz. Ba\u011flant\u0131 verilen sayfalar\u0131n i\u00e7eri\u011finden her zaman ilgili sa\u011flay\u0131c\u0131 veya operat\u00f6r sorumludur. Harici olarak ba\u011flant\u0131 verilen t\u00fcm sayfalar\u0131n i\u00e7eri\u011finden a\u00e7\u0131k\u00e7a uzak durmaktay\u0131z.<\/p>\n<\/div>\t\t\t\t\t\t\t\t<\/div>\n\t\t\t\t\t<\/div>\r\n\t\t\t\t<\/div>\r\n\t\t\t\t<\/div>\n\t\t","protected":false},"excerpt":{"rendered":"<p>Yasal Uyar\u0131 Bilgi&nbsp; Avantgarde Security Kar\u015f\u0131yaka Mah. Haymana Yolu \u00dczeri No: 5\/11 G\u00f6lba\u015f\u0131 \/ Ankara, T\u00fcrkiye E-posta: info@avantgarde-security.com Telif Hakk\u0131&nbsp; Bu sayfalar\u0131n i\u00e7eri\u011fi ve eserleri Alman telif hakk\u0131 yasalar\u0131na tabidir. \u00d6nceden yaz\u0131l\u0131 izin al\u0131nmaks\u0131z\u0131n izinsiz \u00e7o\u011falt\u0131lmas\u0131 yasakt\u0131r. \u0130\u00e7erik Sorumlulu\u011fu&nbsp; Bu sayfalar\u0131n i\u00e7eri\u011fi eksiksiz oldu\u011fu iddias\u0131nda de\u011fildir. Bunlar yaln\u0131zca bilgilendirme ama\u00e7l\u0131d\u0131r ve do\u011fruluklar\u0131 konusunda hi\u00e7bir garanti [&hellip;]<\/p>\n","protected":false},"author":1,"featured_media":0,"parent":0,"menu_order":0,"comment_status":"closed","ping_status":"closed","template":"","meta":{"_oct_exclude_from_cache":false,"footnotes":""},"class_list":["post-11104","page","type-page","status-publish","hentry"],"_links":{"self":[{"href":"https:\/\/avantgarde-security.com\/tr\/wp-json\/wp\/v2\/pages\/11104","targetHints":{"allow":["GET"]}}],"collection":[{"href":"https:\/\/avantgarde-security.com\/tr\/wp-json\/wp\/v2\/pages"}],"about":[{"href":"https:\/\/avantgarde-security.com\/tr\/wp-json\/wp\/v2\/types\/page"}],"author":[{"embeddable":true,"href":"https:\/\/avantgarde-security.com\/tr\/wp-json\/wp\/v2\/users\/1"}],"replies":[{"embeddable":true,"href":"https:\/\/avantgarde-security.com\/tr\/wp-json\/wp\/v2\/comments?post=11104"}],"version-history":[{"count":1,"href":"https:\/\/avantgarde-security.com\/tr\/wp-json\/wp\/v2\/pages\/11104\/revisions"}],"predecessor-version":[{"id":11105,"href":"https:\/\/avantgarde-security.com\/tr\/wp-json\/wp\/v2\/pages\/11104\/revisions\/11105"}],"wp:attachment":[{"href":"https:\/\/avantgarde-security.com\/tr\/wp-json\/wp\/v2\/media?parent=11104"}],"curies":[{"name":"wp","href":"https:\/\/api.w.org\/{rel}","templated":true}]}}