{"id":11098,"date":"2026-03-08T11:53:44","date_gmt":"2026-03-08T10:53:44","guid":{"rendered":"https:\/\/avantgarde-security.com\/%d0%bf%d1%80%d0%b0%d0%b2%d0%be%d0%b2%d0%b0%d1%8f-%d0%b8%d0%bd%d1%84%d0%be%d1%80%d0%bc%d0%b0%d1%86%d0%b8%d1%8f\/"},"modified":"2026-03-17T09:09:03","modified_gmt":"2026-03-17T08:09:03","slug":"%d0%bf%d1%80%d0%b0%d0%b2%d0%be%d0%b2%d0%b0%d1%8f-%d0%b8%d0%bd%d1%84%d0%be%d1%80%d0%bc%d0%b0%d1%86%d0%b8%d1%8f","status":"publish","type":"page","link":"https:\/\/avantgarde-security.com\/ru\/%d0%bf%d1%80%d0%b0%d0%b2%d0%be%d0%b2%d0%b0%d1%8f-%d0%b8%d0%bd%d1%84%d0%be%d1%80%d0%bc%d0%b0%d1%86%d0%b8%d1%8f\/","title":{"rendered":"\u041f\u0440\u0430\u0432\u043e\u0432\u0430\u044f \u0438\u043d\u0444\u043e\u0440\u043c\u0430\u0446\u0438\u044f"},"content":{"rendered":"\t\t<div data-elementor-type=\"wp-page\" data-elementor-id=\"11098\" class=\"elementor elementor-11098\" data-elementor-post-type=\"page\">\n\t\t\t\t<div class=\"elementor-element elementor-element-a918e0f e-flex e-con-boxed pxl-section-overflow-visible pxl-column-none pxl-section-fix-none pxl-bg-color-none e-con e-parent \" data-id=\"a918e0f\" data-element_type=\"container\" data-e-type=\"container\">\t\t\t<div class=\"e-con-inner\">\r\n\t\t\t\t<div class=\"elementor-element elementor-element-e146436 elementor-widget elementor-widget-heading\" data-id=\"e146436\" data-element_type=\"widget\" data-e-type=\"widget\" data-widget_type=\"heading.default\">\n\t\t\t\t\t<h2 class=\"elementor-heading-title elementor-size-default\">\u041f\u0440\u0430\u0432\u043e\u0432\u0430\u044f \u0438\u043d\u0444\u043e\u0440\u043c\u0430\u0446\u0438\u044f<\/h2>\t\t\t\t<\/div>\n\t\t\t\t<div class=\"elementor-element elementor-element-897369c elementor-widget elementor-widget-text-editor\" data-id=\"897369c\" data-element_type=\"widget\" data-e-type=\"widget\" data-widget_type=\"text-editor.default\">\n\t\t\t\t\t\t\t\t\t<div class=\"elementor-element elementor-element-37ae3b04 elementor-widget elementor-widget-heading\" data-id=\"37ae3b04\" data-element_type=\"widget\" data-widget_type=\"heading.default\">\n<p class=\"font-claude-response-body break-words whitespace-normal leading-[1.7]\"><strong>\u0418\u043d\u0444\u043e\u0440\u043c\u0430\u0446\u0438\u044f<\/strong>&nbsp;<\/p>\n<p class=\"font-claude-response-body break-words whitespace-normal leading-[1.7]\">Avantgarde Security<\/p>\n<p class=\"font-claude-response-body break-words whitespace-normal leading-[1.7]\">Kar\u015f\u0131yaka Mah. Haymana Yolu \u00dczeri No: 5\/11 <\/p>\n<p class=\"font-claude-response-body break-words whitespace-normal leading-[1.7]\">\u0413\u0451\u043b\u044c\u0431\u0430\u0448\u0438 \/ \u0410\u043d\u043a\u0430\u0440\u0430, \u0422\u0443\u0440\u0446\u0438\u044f<\/p>\n<p class=\"font-claude-response-body break-words whitespace-normal leading-[1.7]\">\u042d\u043b\u0435\u043a\u0442\u0440\u043e\u043d\u043d\u0430\u044f \u043f\u043e\u0447\u0442\u0430: <a class=\"underline underline underline-offset-2 decoration-1 decoration-current\/40 hover:decoration-current focus:decoration-current\" href=\"mailto:info@avantgarde-security.com\">info@avantgarde-security.com<\/a><\/p>\n<p class=\"font-claude-response-body break-words whitespace-normal leading-[1.7]\"><br><\/p>\n<p class=\"font-claude-response-body break-words whitespace-normal leading-[1.7]\"><strong>\u0410\u0432\u0442\u043e\u0440\u0441\u043a\u043e\u0435 \u043f\u0440\u0430\u0432\u043e<\/strong>&nbsp;<\/p><p class=\"font-claude-response-body break-words whitespace-normal leading-[1.7]\">\u0421\u043e\u0434\u0435\u0440\u0436\u0430\u043d\u0438\u0435 \u0438 \u043c\u0430\u0442\u0435\u0440\u0438\u0430\u043b\u044b \u043d\u0430 \u044d\u0442\u0438\u0445 \u0441\u0442\u0440\u0430\u043d\u0438\u0446\u0430\u0445 \u0437\u0430\u0449\u0438\u0449\u0435\u043d\u044b \u043d\u0435\u043c\u0435\u0446\u043a\u0438\u043c \u0437\u0430\u043a\u043e\u043d\u043e\u0434\u0430\u0442\u0435\u043b\u044c\u0441\u0442\u0432\u043e\u043c \u043e\u0431 \u0430\u0432\u0442\u043e\u0440\u0441\u043a\u043e\u043c \u043f\u0440\u0430\u0432\u0435. \u041d\u0435\u0441\u0430\u043d\u043a\u0446\u0438\u043e\u043d\u0438\u0440\u043e\u0432\u0430\u043d\u043d\u043e\u0435 \u0432\u043e\u0441\u043f\u0440\u043e\u0438\u0437\u0432\u0435\u0434\u0435\u043d\u0438\u0435 \u0431\u0435\u0437 \u043f\u0440\u0435\u0434\u0432\u0430\u0440\u0438\u0442\u0435\u043b\u044c\u043d\u043e\u0433\u043e \u043f\u0438\u0441\u044c\u043c\u0435\u043d\u043d\u043e\u0433\u043e \u0441\u043e\u0433\u043b\u0430\u0441\u0438\u044f \u0437\u0430\u043f\u0440\u0435\u0449\u0435\u043d\u043e. <\/p>\n<p class=\"font-claude-response-body break-words whitespace-normal leading-[1.7]\"><br><\/p>\n<p class=\"font-claude-response-body break-words whitespace-normal leading-[1.7]\"><strong>\u041e\u0442\u0432\u0435\u0442\u0441\u0442\u0432\u0435\u043d\u043d\u043e\u0441\u0442\u044c \u0437\u0430 \u0441\u043e\u0434\u0435\u0440\u0436\u0430\u043d\u0438\u0435<\/strong>&nbsp;<\/p><p class=\"font-claude-response-body break-words whitespace-normal leading-[1.7]\">\u0421\u043e\u0434\u0435\u0440\u0436\u0430\u043d\u0438\u0435 \u044d\u0442\u0438\u0445 \u0441\u0442\u0440\u0430\u043d\u0438\u0446 \u043d\u0435 \u043f\u0440\u0435\u0442\u0435\u043d\u0434\u0443\u0435\u0442 \u043d\u0430 \u043f\u043e\u043b\u043d\u043e\u0442\u0443. \u041e\u043d\u043e \u043f\u0440\u0435\u0434\u043d\u0430\u0437\u043d\u0430\u0447\u0435\u043d\u043e \u0438\u0441\u043a\u043b\u044e\u0447\u0438\u0442\u0435\u043b\u044c\u043d\u043e \u0432 \u0438\u043d\u0444\u043e\u0440\u043c\u0430\u0446\u0438\u043e\u043d\u043d\u044b\u0445 \u0446\u0435\u043b\u044f\u0445, \u0438 \u043d\u0435 \u043f\u0440\u0435\u0434\u043e\u0441\u0442\u0430\u0432\u043b\u044f\u0435\u0442\u0441\u044f \u043d\u0438\u043a\u0430\u043a\u0438\u0445 \u0433\u0430\u0440\u0430\u043d\u0442\u0438\u0439 \u0435\u0433\u043e \u0442\u043e\u0447\u043d\u043e\u0441\u0442\u0438. \u041a\u0430\u043a \u043f\u043e\u0441\u0442\u0430\u0432\u0449\u0438\u043a \u0443\u0441\u043b\u0443\u0433, \u043c\u044b \u043d\u0435\u0441\u0451\u043c \u043e\u0442\u0432\u0435\u0442\u0441\u0442\u0432\u0435\u043d\u043d\u043e\u0441\u0442\u044c \u0437\u0430 \u0441\u043e\u0431\u0441\u0442\u0432\u0435\u043d\u043d\u043e\u0435 \u0441\u043e\u0434\u0435\u0440\u0436\u0430\u043d\u0438\u0435 \u043d\u0430 \u044d\u0442\u0438\u0445 \u0441\u0442\u0440\u0430\u043d\u0438\u0446\u0430\u0445 \u0432 \u0441\u043e\u043e\u0442\u0432\u0435\u0442\u0441\u0442\u0432\u0438\u0438 \u0441 \u00a7 7 \u0430\u0431\u0437. 1 TMG. \u0421\u043e\u0433\u043b\u0430\u0441\u043d\u043e \u00a7\u00a7 8\u201310 TMG, \u043c\u044b \u043d\u0435 \u043e\u0431\u044f\u0437\u0430\u043d\u044b \u043e\u0442\u0441\u043b\u0435\u0436\u0438\u0432\u0430\u0442\u044c \u043f\u0435\u0440\u0435\u0434\u0430\u0432\u0430\u0435\u043c\u0443\u044e \u0438\u043b\u0438 \u0445\u0440\u0430\u043d\u0438\u043c\u0443\u044e \u0438\u043d\u0444\u043e\u0440\u043c\u0430\u0446\u0438\u044e \u0442\u0440\u0435\u0442\u044c\u0438\u0445 \u043b\u0438\u0446 \u0438\u043b\u0438 \u0440\u0430\u0441\u0441\u043b\u0435\u0434\u043e\u0432\u0430\u0442\u044c \u043e\u0431\u0441\u0442\u043e\u044f\u0442\u0435\u043b\u044c\u0441\u0442\u0432\u0430, \u0443\u043a\u0430\u0437\u044b\u0432\u0430\u044e\u0449\u0438\u0435 \u043d\u0430 \u043d\u0435\u0437\u0430\u043a\u043e\u043d\u043d\u0443\u044e \u0434\u0435\u044f\u0442\u0435\u043b\u044c\u043d\u043e\u0441\u0442\u044c. \u041e\u0431\u044f\u0437\u0430\u0442\u0435\u043b\u044c\u0441\u0442\u0432\u0430 \u043f\u043e \u0443\u0434\u0430\u043b\u0435\u043d\u0438\u044e \u0438\u043b\u0438 \u0431\u043b\u043e\u043a\u0438\u0440\u043e\u0432\u043a\u0435 \u0438\u0441\u043f\u043e\u043b\u044c\u0437\u043e\u0432\u0430\u043d\u0438\u044f \u0438\u043d\u0444\u043e\u0440\u043c\u0430\u0446\u0438\u0438 \u0432 \u0441\u043e\u043e\u0442\u0432\u0435\u0442\u0441\u0442\u0432\u0438\u0438 \u0441 \u043e\u0431\u0449\u0438\u043c \u0437\u0430\u043a\u043e\u043d\u043e\u0434\u0430\u0442\u0435\u043b\u044c\u0441\u0442\u0432\u043e\u043c \u043e\u0441\u0442\u0430\u044e\u0442\u0441\u044f \u043d\u0435\u0438\u0437\u043c\u0435\u043d\u043d\u044b\u043c\u0438. \u041e\u0442\u0432\u0435\u0442\u0441\u0442\u0432\u0435\u043d\u043d\u043e\u0441\u0442\u044c \u0432 \u044d\u0442\u043e\u043c \u043e\u0442\u043d\u043e\u0448\u0435\u043d\u0438\u0438 \u0432\u043e\u0437\u043c\u043e\u0436\u043d\u0430 \u0442\u043e\u043b\u044c\u043a\u043e \u0441 \u043c\u043e\u043c\u0435\u043d\u0442\u0430, \u043a\u043e\u0433\u0434\u0430 \u0441\u0442\u0430\u043d\u043e\u0432\u0438\u0442\u0441\u044f \u0438\u0437\u0432\u0435\u0441\u0442\u043d\u043e \u043e \u043a\u043e\u043d\u043a\u0440\u0435\u0442\u043d\u043e\u043c \u043d\u0430\u0440\u0443\u0448\u0435\u043d\u0438\u0438 \u0437\u0430\u043a\u043e\u043d\u0430.      <\/p>\n<p class=\"font-claude-response-body break-words whitespace-normal leading-[1.7]\"><br><\/p>\n<p class=\"font-claude-response-body break-words whitespace-normal leading-[1.7]\"><strong>\u041e\u0442\u0432\u0435\u0442\u0441\u0442\u0432\u0435\u043d\u043d\u043e\u0441\u0442\u044c \u0437\u0430 \u0441\u0441\u044b\u043b\u043a\u0438<\/strong>&nbsp;<\/p><p class=\"font-claude-response-body break-words whitespace-normal leading-[1.7]\">\u041d\u0430\u0448 \u0432\u0435\u0431-\u0441\u0430\u0439\u0442 \u0441\u043e\u0434\u0435\u0440\u0436\u0438\u0442 \u0441\u0441\u044b\u043b\u043a\u0438 \u043d\u0430 \u0432\u043d\u0435\u0448\u043d\u0438\u0435 \u0441\u0442\u043e\u0440\u043e\u043d\u043d\u0438\u0435 \u0432\u0435\u0431-\u0441\u0430\u0439\u0442\u044b, \u043d\u0430 \u0441\u043e\u0434\u0435\u0440\u0436\u0430\u043d\u0438\u0435 \u043a\u043e\u0442\u043e\u0440\u044b\u0445 \u043c\u044b \u043d\u0435 \u0438\u043c\u0435\u0435\u043c \u0432\u043b\u0438\u044f\u043d\u0438\u044f. \u041f\u043e\u044d\u0442\u043e\u043c\u0443 \u043c\u044b \u043d\u0435 \u043c\u043e\u0436\u0435\u043c \u043f\u0440\u0438\u043d\u044f\u0442\u044c \u043d\u0430 \u0441\u0435\u0431\u044f \u043a\u0430\u043a\u0443\u044e-\u043b\u0438\u0431\u043e \u043e\u0442\u0432\u0435\u0442\u0441\u0442\u0432\u0435\u043d\u043d\u043e\u0441\u0442\u044c \u0437\u0430 \u044d\u0442\u043e \u0432\u043d\u0435\u0448\u043d\u0435\u0435 \u0441\u043e\u0434\u0435\u0440\u0436\u0430\u043d\u0438\u0435. \u041e\u0442\u0432\u0435\u0442\u0441\u0442\u0432\u0435\u043d\u043d\u043e\u0441\u0442\u044c \u0437\u0430 \u0441\u043e\u0434\u0435\u0440\u0436\u0430\u043d\u0438\u0435 \u0441\u0432\u044f\u0437\u0430\u043d\u043d\u044b\u0445 \u0441\u0442\u0440\u0430\u043d\u0438\u0446 \u0432\u0441\u0435\u0433\u0434\u0430 \u043d\u0435\u0441\u0451\u0442 \u0441\u043e\u043e\u0442\u0432\u0435\u0442\u0441\u0442\u0432\u0443\u044e\u0449\u0438\u0439 \u043f\u043e\u0441\u0442\u0430\u0432\u0449\u0438\u043a \u0438\u043b\u0438 \u043e\u043f\u0435\u0440\u0430\u0442\u043e\u0440 \u0441\u0442\u0440\u0430\u043d\u0438\u0446. \u041c\u044b \u043f\u0440\u044f\u043c\u043e \u0434\u0438\u0441\u0442\u0430\u043d\u0446\u0438\u0440\u0443\u0435\u043c\u0441\u044f \u043e\u0442 \u0432\u0441\u0435\u0433\u043e \u0441\u043e\u0434\u0435\u0440\u0436\u0430\u043d\u0438\u044f \u0432\u043d\u0435\u0448\u043d\u0438\u0445 \u0441\u0432\u044f\u0437\u0430\u043d\u043d\u044b\u0445 \u0441\u0442\u0440\u0430\u043d\u0438\u0446.   <\/p>\n<\/div>\t\t\t\t\t\t\t\t<\/div>\n\t\t\t\t\t<\/div>\r\n\t\t\t\t<\/div>\r\n\t\t\t\t<\/div>\n\t\t","protected":false},"excerpt":{"rendered":"<p>\u041f\u0440\u0430\u0432\u043e\u0432\u0430\u044f \u0438\u043d\u0444\u043e\u0440\u043c\u0430\u0446\u0438\u044f \u0418\u043d\u0444\u043e\u0440\u043c\u0430\u0446\u0438\u044f&nbsp; Avantgarde Security Kar\u015f\u0131yaka Mah. Haymana Yolu \u00dczeri No: 5\/11 \u0413\u0451\u043b\u044c\u0431\u0430\u0448\u0438 \/ \u0410\u043d\u043a\u0430\u0440\u0430, \u0422\u0443\u0440\u0446\u0438\u044f \u042d\u043b\u0435\u043a\u0442\u0440\u043e\u043d\u043d\u0430\u044f \u043f\u043e\u0447\u0442\u0430: info@avantgarde-security.com \u0410\u0432\u0442\u043e\u0440\u0441\u043a\u043e\u0435 \u043f\u0440\u0430\u0432\u043e&nbsp; \u0421\u043e\u0434\u0435\u0440\u0436\u0430\u043d\u0438\u0435 \u0438 \u043c\u0430\u0442\u0435\u0440\u0438\u0430\u043b\u044b \u043d\u0430 \u044d\u0442\u0438\u0445 \u0441\u0442\u0440\u0430\u043d\u0438\u0446\u0430\u0445 \u0437\u0430\u0449\u0438\u0449\u0435\u043d\u044b \u043d\u0435\u043c\u0435\u0446\u043a\u0438\u043c \u0437\u0430\u043a\u043e\u043d\u043e\u0434\u0430\u0442\u0435\u043b\u044c\u0441\u0442\u0432\u043e\u043c \u043e\u0431 \u0430\u0432\u0442\u043e\u0440\u0441\u043a\u043e\u043c \u043f\u0440\u0430\u0432\u0435. \u041d\u0435\u0441\u0430\u043d\u043a\u0446\u0438\u043e\u043d\u0438\u0440\u043e\u0432\u0430\u043d\u043d\u043e\u0435 \u0432\u043e\u0441\u043f\u0440\u043e\u0438\u0437\u0432\u0435\u0434\u0435\u043d\u0438\u0435 \u0431\u0435\u0437 \u043f\u0440\u0435\u0434\u0432\u0430\u0440\u0438\u0442\u0435\u043b\u044c\u043d\u043e\u0433\u043e \u043f\u0438\u0441\u044c\u043c\u0435\u043d\u043d\u043e\u0433\u043e \u0441\u043e\u0433\u043b\u0430\u0441\u0438\u044f \u0437\u0430\u043f\u0440\u0435\u0449\u0435\u043d\u043e. \u041e\u0442\u0432\u0435\u0442\u0441\u0442\u0432\u0435\u043d\u043d\u043e\u0441\u0442\u044c \u0437\u0430 \u0441\u043e\u0434\u0435\u0440\u0436\u0430\u043d\u0438\u0435&nbsp; \u0421\u043e\u0434\u0435\u0440\u0436\u0430\u043d\u0438\u0435 \u044d\u0442\u0438\u0445 \u0441\u0442\u0440\u0430\u043d\u0438\u0446 \u043d\u0435 \u043f\u0440\u0435\u0442\u0435\u043d\u0434\u0443\u0435\u0442 \u043d\u0430 \u043f\u043e\u043b\u043d\u043e\u0442\u0443. \u041e\u043d\u043e \u043f\u0440\u0435\u0434\u043d\u0430\u0437\u043d\u0430\u0447\u0435\u043d\u043e \u0438\u0441\u043a\u043b\u044e\u0447\u0438\u0442\u0435\u043b\u044c\u043d\u043e \u0432 \u0438\u043d\u0444\u043e\u0440\u043c\u0430\u0446\u0438\u043e\u043d\u043d\u044b\u0445 [&hellip;]<\/p>\n","protected":false},"author":1,"featured_media":0,"parent":0,"menu_order":0,"comment_status":"closed","ping_status":"closed","template":"","meta":{"_oct_exclude_from_cache":false,"footnotes":""},"class_list":["post-11098","page","type-page","status-publish","hentry"],"_links":{"self":[{"href":"https:\/\/avantgarde-security.com\/ru\/wp-json\/wp\/v2\/pages\/11098","targetHints":{"allow":["GET"]}}],"collection":[{"href":"https:\/\/avantgarde-security.com\/ru\/wp-json\/wp\/v2\/pages"}],"about":[{"href":"https:\/\/avantgarde-security.com\/ru\/wp-json\/wp\/v2\/types\/page"}],"author":[{"embeddable":true,"href":"https:\/\/avantgarde-security.com\/ru\/wp-json\/wp\/v2\/users\/1"}],"replies":[{"embeddable":true,"href":"https:\/\/avantgarde-security.com\/ru\/wp-json\/wp\/v2\/comments?post=11098"}],"version-history":[{"count":2,"href":"https:\/\/avantgarde-security.com\/ru\/wp-json\/wp\/v2\/pages\/11098\/revisions"}],"predecessor-version":[{"id":11100,"href":"https:\/\/avantgarde-security.com\/ru\/wp-json\/wp\/v2\/pages\/11098\/revisions\/11100"}],"wp:attachment":[{"href":"https:\/\/avantgarde-security.com\/ru\/wp-json\/wp\/v2\/media?parent=11098"}],"curies":[{"name":"wp","href":"https:\/\/api.w.org\/{rel}","templated":true}]}}