{"id":11132,"date":"2026-03-08T11:53:44","date_gmt":"2026-03-08T10:53:44","guid":{"rendered":"https:\/\/avantgarde-security.com\/impressum\/"},"modified":"2026-03-16T20:11:52","modified_gmt":"2026-03-16T19:11:52","slug":"impressum","status":"publish","type":"page","link":"https:\/\/avantgarde-security.com\/de\/impressum\/","title":{"rendered":"Impressum"},"content":{"rendered":"\t\t<div data-elementor-type=\"wp-page\" data-elementor-id=\"11132\" class=\"elementor elementor-11132\" data-elementor-post-type=\"page\">\n\t\t\t\t<div class=\"elementor-element elementor-element-a918e0f e-flex e-con-boxed pxl-section-overflow-visible pxl-column-none pxl-section-fix-none pxl-bg-color-none e-con e-parent \" data-id=\"a918e0f\" data-element_type=\"container\" data-e-type=\"container\">\t\t\t<div class=\"e-con-inner\">\r\n\t\t\t\t<div class=\"elementor-element elementor-element-e146436 elementor-widget elementor-widget-heading\" data-id=\"e146436\" data-element_type=\"widget\" data-e-type=\"widget\" data-widget_type=\"heading.default\">\n\t\t\t\t\t<h2 class=\"elementor-heading-title elementor-size-default\">Impressum<\/h2>\t\t\t\t<\/div>\n\t\t\t\t<div class=\"elementor-element elementor-element-897369c elementor-widget elementor-widget-text-editor\" data-id=\"897369c\" data-element_type=\"widget\" data-e-type=\"widget\" data-widget_type=\"text-editor.default\">\n\t\t\t\t\t\t\t\t\t<div class=\"elementor-element elementor-element-37ae3b04 elementor-widget elementor-widget-heading\" data-id=\"37ae3b04\" data-element_type=\"widget\" data-widget_type=\"heading.default\">\n<p class=\"font-claude-response-body break-words whitespace-normal leading-[1.7]\"><strong>Informationen<\/strong>&nbsp;<\/p>\n<p class=\"font-claude-response-body break-words whitespace-normal leading-[1.7]\">Avantgarde Security<\/p>\n<p class=\"font-claude-response-body break-words whitespace-normal leading-[1.7]\">Kar\u015f\u0131yaka Mah. Haymana Yolu \u00dczeri No: 5\/11 <\/p>\n<p class=\"font-claude-response-body break-words whitespace-normal leading-[1.7]\">G\u00f6lba\u015f\u0131 \/ Ankara, T\u00fcrkei<\/p>\n<p class=\"font-claude-response-body break-words whitespace-normal leading-[1.7]\">E-Mail: <a class=\"underline underline underline-offset-2 decoration-1 decoration-current\/40 hover:decoration-current focus:decoration-current\" href=\"mailto:info@avantgarde-security.com\">info@avantgarde-security.com<\/a><\/p>\n<p class=\"font-claude-response-body break-words whitespace-normal leading-[1.7]\"><br><\/p>\n<p class=\"font-claude-response-body break-words whitespace-normal leading-[1.7]\"><strong>Urheberrecht<\/strong>&nbsp;<\/p><p class=\"font-claude-response-body break-words whitespace-normal leading-[1.7]\">Die Inhalte und Werke auf diesen Seiten unterliegen dem deutschen Urheberrecht. Eine unerlaubte Vervielf\u00e4ltigung ohne vorherige schriftliche Zustimmung ist untersagt. <\/p>\n<p class=\"font-claude-response-body break-words whitespace-normal leading-[1.7]\"><br><\/p>\n<p class=\"font-claude-response-body break-words whitespace-normal leading-[1.7]\"><strong>Haftung f\u00fcr Inhalte<\/strong>&nbsp;<\/p><p class=\"font-claude-response-body break-words whitespace-normal leading-[1.7]\">Die Inhalte dieser Seiten erheben keinen Anspruch auf Vollst\u00e4ndigkeit. Sie dienen lediglich Informationszwecken, und es wird keine Gew\u00e4hr f\u00fcr deren Richtigkeit \u00fcbernommen. Als Diensteanbieter sind wir gem\u00e4\u00df \u00a7 7 Abs. 1 TMG f\u00fcr eigene Inhalte auf diesen Seiten nach den allgemeinen Gesetzen verantwortlich. Nach \u00a7\u00a7 8 bis 10 TMG sind wir jedoch nicht verpflichtet, \u00fcbermittelte oder gespeicherte fremde Informationen zu \u00fcberwachen oder nach Umst\u00e4nden zu forschen, die auf eine rechtswidrige T\u00e4tigkeit hinweisen. Verpflichtungen zur Entfernung oder Sperrung der Nutzung von Informationen nach den allgemeinen Gesetzen bleiben hiervon unber\u00fchrt. Eine diesbez\u00fcgliche Haftung ist erst ab dem Zeitpunkt der Kenntnis einer konkreten Rechtsverletzung m\u00f6glich.      <\/p>\n<p class=\"font-claude-response-body break-words whitespace-normal leading-[1.7]\"><br><\/p>\n<p class=\"font-claude-response-body break-words whitespace-normal leading-[1.7]\"><strong>Haftung f\u00fcr Links<\/strong>&nbsp;<\/p><p class=\"font-claude-response-body break-words whitespace-normal leading-[1.7]\">Unser Angebot enth\u00e4lt Links zu externen Websites Dritter, auf deren Inhalte wir keinen Einfluss haben. Deshalb k\u00f6nnen wir f\u00fcr diese fremden Inhalte auch keine Gew\u00e4hr \u00fcbernehmen. F\u00fcr die Inhalte der verlinkten Seiten ist stets der jeweilige Anbieter oder Betreiber der Seiten verantwortlich. Wir distanzieren uns ausdr\u00fccklich von allen Inhalten extern verlinkter Seiten.   <\/p>\n<\/div>\t\t\t\t\t\t\t\t<\/div>\n\t\t\t\t\t<\/div>\r\n\t\t\t\t<\/div>\r\n\t\t\t\t<\/div>\n\t\t","protected":false},"excerpt":{"rendered":"<p>Impressum Informationen&nbsp; Avantgarde Security Kar\u015f\u0131yaka Mah. Haymana Yolu \u00dczeri No: 5\/11 G\u00f6lba\u015f\u0131 \/ Ankara, T\u00fcrkei E-Mail: info@avantgarde-security.com Urheberrecht&nbsp; Die Inhalte und Werke auf diesen Seiten unterliegen dem deutschen Urheberrecht. Eine unerlaubte Vervielf\u00e4ltigung ohne vorherige schriftliche Zustimmung ist untersagt. Haftung f\u00fcr Inhalte&nbsp; Die Inhalte dieser Seiten erheben keinen Anspruch auf Vollst\u00e4ndigkeit. Sie dienen lediglich Informationszwecken, und [&hellip;]<\/p>\n","protected":false},"author":1,"featured_media":0,"parent":0,"menu_order":0,"comment_status":"closed","ping_status":"closed","template":"","meta":{"_oct_exclude_from_cache":false,"footnotes":""},"class_list":["post-11132","page","type-page","status-publish","hentry"],"_links":{"self":[{"href":"https:\/\/avantgarde-security.com\/de\/wp-json\/wp\/v2\/pages\/11132","targetHints":{"allow":["GET"]}}],"collection":[{"href":"https:\/\/avantgarde-security.com\/de\/wp-json\/wp\/v2\/pages"}],"about":[{"href":"https:\/\/avantgarde-security.com\/de\/wp-json\/wp\/v2\/types\/page"}],"author":[{"embeddable":true,"href":"https:\/\/avantgarde-security.com\/de\/wp-json\/wp\/v2\/users\/1"}],"replies":[{"embeddable":true,"href":"https:\/\/avantgarde-security.com\/de\/wp-json\/wp\/v2\/comments?post=11132"}],"version-history":[{"count":1,"href":"https:\/\/avantgarde-security.com\/de\/wp-json\/wp\/v2\/pages\/11132\/revisions"}],"predecessor-version":[{"id":11133,"href":"https:\/\/avantgarde-security.com\/de\/wp-json\/wp\/v2\/pages\/11132\/revisions\/11133"}],"wp:attachment":[{"href":"https:\/\/avantgarde-security.com\/de\/wp-json\/wp\/v2\/media?parent=11132"}],"curies":[{"name":"wp","href":"https:\/\/api.w.org\/{rel}","templated":true}]}}